{"id":1321,"date":"2023-09-28T12:03:22","date_gmt":"2023-09-28T10:03:22","guid":{"rendered":"https:\/\/validool.org\/declaration-de-confidentialite\/"},"modified":"2026-01-28T07:25:04","modified_gmt":"2026-01-28T06:25:04","slug":"declaration-de-confidentialite","status":"publish","type":"page","link":"https:\/\/validool.org\/fr\/declaration-de-confidentialite\/","title":{"rendered":"D\u00e9claration de confidentialit\u00e9"},"content":{"rendered":"\t\t<div data-elementor-type=\"wp-page\" data-elementor-id=\"1321\" class=\"elementor elementor-1321 elementor-3\">\n\t\t\t\t\t\t<section class=\"elementor-section elementor-top-section elementor-element elementor-element-ef398bb elementor-section-boxed elementor-section-height-default elementor-section-height-default\" data-id=\"ef398bb\" data-element_type=\"section\" data-e-type=\"section\" data-settings=\"{&quot;background_background&quot;:&quot;gradient&quot;}\">\n\t\t\t\t\t\t\t<div class=\"elementor-background-overlay\"><\/div>\n\t\t\t\t\t\t\t<div class=\"elementor-container elementor-column-gap-no\">\n\t\t\t\t\t<div class=\"elementor-column elementor-col-66 elementor-top-column elementor-element elementor-element-a670e9e\" data-id=\"a670e9e\" data-element_type=\"column\" data-e-type=\"column\">\n\t\t\t<div class=\"elementor-widget-wrap elementor-element-populated\">\n\t\t\t\t\t\t<div class=\"elementor-element elementor-element-8e0c4d0 elementor-widget elementor-widget-heading\" data-id=\"8e0c4d0\" data-element_type=\"widget\" data-e-type=\"widget\" data-widget_type=\"heading.default\">\n\t\t\t\t<div class=\"elementor-widget-container\">\n\t\t\t\t\t<h2 class=\"elementor-heading-title elementor-size-default\">D\u00e9claration de confidentialit\u00e9<\/h2>\t\t\t\t<\/div>\n\t\t\t\t<\/div>\n\t\t\t\t\t<\/div>\n\t\t<\/div>\n\t\t\t\t<div class=\"elementor-column elementor-col-33 elementor-top-column elementor-element elementor-element-d74e1ed\" data-id=\"d74e1ed\" data-element_type=\"column\" data-e-type=\"column\">\n\t\t\t<div class=\"elementor-widget-wrap elementor-element-populated\">\n\t\t\t\t\t\t<div class=\"elementor-element elementor-element-c757762 elementor-widget elementor-widget-heading\" data-id=\"c757762\" data-element_type=\"widget\" data-e-type=\"widget\" data-widget_type=\"heading.default\">\n\t\t\t\t<div class=\"elementor-widget-container\">\n\t\t\t\t\t<h3 class=\"elementor-heading-title elementor-size-default\">Votre vie priv\u00e9e est importante pour nous<\/h3>\t\t\t\t<\/div>\n\t\t\t\t<\/div>\n\t\t\t\t\t<\/div>\n\t\t<\/div>\n\t\t\t\t\t<\/div>\n\t\t<\/section>\n\t\t<div class=\"elementor-element elementor-element-b1c8a44 e-flex e-con-boxed e-con e-parent\" data-id=\"b1c8a44\" data-element_type=\"container\" data-e-type=\"container\">\n\t\t\t\t\t<div class=\"e-con-inner\">\n\t\t\t\t<div class=\"elementor-element elementor-element-e805921 elementor-widget elementor-widget-heading\" data-id=\"e805921\" data-element_type=\"widget\" data-e-type=\"widget\" data-widget_type=\"heading.default\">\n\t\t\t\t<div class=\"elementor-widget-container\">\n\t\t\t\t\t<h3 class=\"elementor-heading-title elementor-size-large\">Informations en vertu de l'article 13 du r\u00e8glement g\u00e9n\u00e9ral de l'UE sur la protection des donn\u00e9es (RGPD)<\/h3>\t\t\t\t<\/div>\n\t\t\t\t<\/div>\n\t\t\t\t<div class=\"elementor-element elementor-element-723acec elementor-widget elementor-widget-text-editor\" data-id=\"723acec\" data-element_type=\"widget\" data-e-type=\"widget\" data-widget_type=\"text-editor.default\">\n\t\t\t\t<div class=\"elementor-widget-container\">\n\t\t\t\t\t\t\t\t\t<p>Nous prenons la protection de vos donn\u00e9es personnelles tr\u00e8s au s\u00e9rieux. Les donn\u00e9es sont \u00ab\u00a0trait\u00e9es\u00a0\u00bb par nous conform\u00e9ment aux dispositions l\u00e9gales en vigueur en mati\u00e8re de protection des donn\u00e9es, en particulier le R\u00e8glement g\u00e9n\u00e9ral europ\u00e9en sur la protection des donn\u00e9es (ci-apr\u00e8s d\u00e9nomm\u00e9 RGPD) et les dispositions nationales sp\u00e9cifiques en mati\u00e8re de protection des donn\u00e9es. <\/p>\t\t\t\t\t\t\t\t<\/div>\n\t\t\t\t<\/div>\n\t\t\t\t<div class=\"elementor-element elementor-element-14da14f elementor-widget elementor-widget-heading\" data-id=\"14da14f\" data-element_type=\"widget\" data-e-type=\"widget\" data-widget_type=\"heading.default\">\n\t\t\t\t<div class=\"elementor-widget-container\">\n\t\t\t\t\t<h4 class=\"elementor-heading-title elementor-size-default\">D\u00e9finitions<\/h4>\t\t\t\t<\/div>\n\t\t\t\t<\/div>\n\t\t\t\t<div class=\"elementor-element elementor-element-bb32246 elementor-widget elementor-widget-text-editor\" data-id=\"bb32246\" data-element_type=\"widget\" data-e-type=\"widget\" data-widget_type=\"text-editor.default\">\n\t\t\t\t<div class=\"elementor-widget-container\">\n\t\t\t\t\t\t\t\t\t<p>\u00ab\u00a0Donn\u00e9es \u00e0 caract\u00e8re personnel\u00a0\u00bb : toute information se rapportant \u00e0 une personne physique identifi\u00e9e ou identifiable ; est r\u00e9put\u00e9e identifiable une personne physique qui peut \u00eatre identifi\u00e9e, directement ou indirectement, notamment par r\u00e9f\u00e9rence \u00e0 un identifiant, tel qu&rsquo;un nom, \u00e0 un num\u00e9ro d&rsquo;identification, \u00e0 des donn\u00e9es de localisation, \u00e0 un identifiant en ligne, ou \u00e0 une ou plusieurs caract\u00e9ristiques particuli\u00e8res, propres \u00e0 son identit\u00e9 physique, physiologique, g\u00e9n\u00e9tique, psychique, \u00e9conomique, culturelle ou sociale.<\/p>\n<p> \u00ab\u00a0Traitement\u00a0\u00bb : toute op\u00e9ration ou tout ensemble d&rsquo;op\u00e9rations effectu\u00e9es ou non \u00e0 l&rsquo;aide de proc\u00e9d\u00e9s automatis\u00e9s et appliqu\u00e9es \u00e0 des donn\u00e9es \u00e0 caract\u00e8re personnel, telles que la collecte, l&rsquo;enregistrement, l&rsquo;organisation, le classement, le stockage, l&rsquo;adaptation ou la modification, l&rsquo;extraction, la consultation, l&rsquo;utilisation, la divulgation par transmission, diffusion ou toute autre forme de mise \u00e0 disposition, le rapprochement ou l&rsquo;interconnexion, la limitation, l&rsquo;effacement ou la destruction.<\/p>\n<p>Vous trouverez ci-dessous nos informations sur la protection des donn\u00e9es conform\u00e9ment \u00e0 l&rsquo;article 13 du RGPD concernant le traitement de vos donn\u00e9es personnelles :<\/p>\t\t\t\t\t\t\t\t<\/div>\n\t\t\t\t<\/div>\n\t\t\t\t<div class=\"elementor-element elementor-element-396949f elementor-widget elementor-widget-heading\" data-id=\"396949f\" data-element_type=\"widget\" data-e-type=\"widget\" data-widget_type=\"heading.default\">\n\t\t\t\t<div class=\"elementor-widget-container\">\n\t\t\t\t\t<h4 class=\"elementor-heading-title elementor-size-default\">Responsable du traitement des donn\u00e9es<\/h4>\t\t\t\t<\/div>\n\t\t\t\t<\/div>\n\t\t\t\t<div class=\"elementor-element elementor-element-1e65604 elementor-widget elementor-widget-text-editor\" data-id=\"1e65604\" data-element_type=\"widget\" data-e-type=\"widget\" data-widget_type=\"text-editor.default\">\n\t\t\t\t<div class=\"elementor-widget-container\">\n\t\t\t\t\t\t\t\t\t<p>Le responsable du traitement des donn\u00e9es est la soci\u00e9t\u00e9 validool.org UG, repr\u00e9sent\u00e9e par son directeur g\u00e9n\u00e9ral, <br>T\u00e9l. 02235\/951 90 20, e-mail : <a href=\"mailto:info@valitool.org\">info@valitool.org.<\/a> <\/p>\t\t\t\t\t\t\t\t<\/div>\n\t\t\t\t<\/div>\n\t\t\t\t<div class=\"elementor-element elementor-element-a99ff88 elementor-widget elementor-widget-heading\" data-id=\"a99ff88\" data-element_type=\"widget\" data-e-type=\"widget\" data-widget_type=\"heading.default\">\n\t\t\t\t<div class=\"elementor-widget-container\">\n\t\t\t\t\t<h4 class=\"elementor-heading-title elementor-size-default\">Finalit\u00e9s et dur\u00e9e du traitement  <\/h4>\t\t\t\t<\/div>\n\t\t\t\t<\/div>\n\t\t\t\t<div class=\"elementor-element elementor-element-71490d9 elementor-widget elementor-widget-text-editor\" data-id=\"71490d9\" data-element_type=\"widget\" data-e-type=\"widget\" data-widget_type=\"text-editor.default\">\n\t\t\t\t<div class=\"elementor-widget-container\">\n\t\t\t\t\t\t\t\t\t<p>Nous traitons vos donn\u00e9es collect\u00e9es pour l&rsquo;ex\u00e9cution du contrat ou pour l&rsquo;ex\u00e9cution de mesures pr\u00e9contractuelles prises \u00e0 votre demande, ainsi que, le cas \u00e9ch\u00e9ant, pour notre propre publicit\u00e9 postale. Le traitement de vos donn\u00e9es personnelles \u00e0 d&rsquo;autres fins n&rsquo;a lieu que pour \u00e9viter ou faire valoir des droits juridiques (\u00e0 des fins de preuve) ou pour remplir des obligations l\u00e9gales (par ex. obligations de conservation) ou si vous y consentez express\u00e9ment. <\/p><p>Si la finalit\u00e9 du traitement de vos donn\u00e9es \u00e0 caract\u00e8re personnel n&rsquo;a plus lieu d&rsquo;\u00eatre, les donn\u00e9es \u00e0 caract\u00e8re personnel que nous d\u00e9tenons seront supprim\u00e9es. Si certaines donn\u00e9es sont conserv\u00e9es en raison de d\u00e9lais de conservation l\u00e9gaux et\/ou \u00e0 des fins de preuve, leur suppression est remplac\u00e9e par leur verrouillage. Les donn\u00e9es \u00e0 conserver peuvent alors \u00eatre trait\u00e9es exclusivement \u00e0 des fins de preuve ou de conservation.  <\/p>\t\t\t\t\t\t\t\t<\/div>\n\t\t\t\t<\/div>\n\t\t\t\t<div class=\"elementor-element elementor-element-462af24 elementor-widget elementor-widget-heading\" data-id=\"462af24\" data-element_type=\"widget\" data-e-type=\"widget\" data-widget_type=\"heading.default\">\n\t\t\t\t<div class=\"elementor-widget-container\">\n\t\t\t\t\t<h4 class=\"elementor-heading-title elementor-size-default\">Partage de vos donn\u00e9es avec des tiers<\/h4>\t\t\t\t<\/div>\n\t\t\t\t<\/div>\n\t\t\t\t<div class=\"elementor-element elementor-element-a07026e elementor-widget elementor-widget-text-editor\" data-id=\"a07026e\" data-element_type=\"widget\" data-e-type=\"widget\" data-widget_type=\"text-editor.default\">\n\t\t\t\t<div class=\"elementor-widget-container\">\n\t\t\t\t\t\t\t\t\t<p>Vos donn\u00e9es ne sont pas transmises \u00e0 des tiers, sauf si nous devons les transmettre \u00e0 des tiers pour l&rsquo;ex\u00e9cution du contrat, \u00e0 des fins de preuve ou en raison d&rsquo;obligations l\u00e9gales contraignantes, ou si vous consentez express\u00e9ment \u00e0 la transmission de vos donn\u00e9es.<\/p>\t\t\t\t\t\t\t\t<\/div>\n\t\t\t\t<\/div>\n\t\t\t\t<div class=\"elementor-element elementor-element-2ce0ed2 elementor-widget elementor-widget-heading\" data-id=\"2ce0ed2\" data-element_type=\"widget\" data-e-type=\"widget\" data-widget_type=\"heading.default\">\n\t\t\t\t<div class=\"elementor-widget-container\">\n\t\t\t\t\t<h4 class=\"elementor-heading-title elementor-size-default\">Bases juridiques du traitement des donn\u00e9es<\/h4>\t\t\t\t<\/div>\n\t\t\t\t<\/div>\n\t\t\t\t<div class=\"elementor-element elementor-element-943bfd4 elementor-widget elementor-widget-text-editor\" data-id=\"943bfd4\" data-element_type=\"widget\" data-e-type=\"widget\" data-widget_type=\"text-editor.default\">\n\t\t\t\t<div class=\"elementor-widget-container\">\n\t\t\t\t\t\t\t\t\t<p>Le traitement de vos donn\u00e9es collect\u00e9es en vue de l&rsquo;ex\u00e9cution du contrat ou de l&rsquo;ex\u00e9cution de mesures pr\u00e9contractuelles prises \u00e0 votre demande repose sur la base juridique de l&rsquo;article 6, paragraphe 1, point b). Le traitement de vos donn\u00e9es sur la base d&rsquo;un consentement explicite repose sur la base juridique de l&rsquo;article 6, paragraphe 1, point a). Le traitement de vos donn\u00e9es \u00e0 des fins de publicit\u00e9 postale propre repose sur la base juridique de l&rsquo;article 6, paragraphe 1, point f), notre int\u00e9r\u00eat l\u00e9gitime \u00e9tant la publicit\u00e9 postale directe pour nos propres services.   <\/p>\t\t\t\t\t\t\t\t<\/div>\n\t\t\t\t<\/div>\n\t\t\t\t\t<\/div>\n\t\t\t\t<\/div>\n\t\t<div class=\"elementor-element elementor-element-79b4d80 e-flex e-con-boxed e-con e-parent\" data-id=\"79b4d80\" data-element_type=\"container\" data-e-type=\"container\" data-settings=\"{&quot;background_background&quot;:&quot;classic&quot;}\">\n\t\t\t\t\t<div class=\"e-con-inner\">\n\t\t<div class=\"elementor-element elementor-element-68aa72b e-con-full e-flex e-con e-child\" data-id=\"68aa72b\" data-element_type=\"container\" data-e-type=\"container\">\n\t\t\t\t<div class=\"elementor-element elementor-element-12fd887 elementor-widget elementor-widget-heading\" data-id=\"12fd887\" data-element_type=\"widget\" data-e-type=\"widget\" data-widget_type=\"heading.default\">\n\t\t\t\t<div class=\"elementor-widget-container\">\n\t\t\t\t\t<h4 class=\"elementor-heading-title elementor-size-default\">Votre droit d'opposition au publipostage postal<\/h4>\t\t\t\t<\/div>\n\t\t\t\t<\/div>\n\t\t\t\t<\/div>\n\t\t<div class=\"elementor-element elementor-element-e1c7df5 e-con-full e-flex e-con e-child\" data-id=\"e1c7df5\" data-element_type=\"container\" data-e-type=\"container\">\n\t\t\t\t<div class=\"elementor-element elementor-element-de4ae7c elementor-widget elementor-widget-text-editor\" data-id=\"de4ae7c\" data-element_type=\"widget\" data-e-type=\"widget\" data-widget_type=\"text-editor.default\">\n\t\t\t\t<div class=\"elementor-widget-container\">\n\t\t\t\t\t\t\t\t\t<p>Conform\u00e9ment \u00e0 l&rsquo;article 21 du RGPD, vous avez le droit de vous opposer \u00e0 tout moment au traitement de vos donn\u00e9es personnelles \u00e0 des fins de publicit\u00e9 directe. Si vous vous opposez au traitement ult\u00e9rieur de vos donn\u00e9es \u00e0 des fins de publicit\u00e9 directe, nous ne traiterons plus vos donn\u00e9es personnelles \u00e0 des fins de publicit\u00e9 directe. Veuillez nous envoyer votre opposition \u00e0 nos coordonn\u00e9es indiqu\u00e9es dans la section \u00ab\u00a0Responsable\u00a0\u00bb.  <\/p>\t\t\t\t\t\t\t\t<\/div>\n\t\t\t\t<\/div>\n\t\t\t\t<\/div>\n\t\t\t\t\t<\/div>\n\t\t\t\t<\/div>\n\t\t<div class=\"elementor-element elementor-element-b67e605 e-flex e-con-boxed e-con e-parent\" data-id=\"b67e605\" data-element_type=\"container\" data-e-type=\"container\">\n\t\t\t\t\t<div class=\"e-con-inner\">\n\t\t\t\t<div class=\"elementor-element elementor-element-6fd3426 elementor-widget elementor-widget-heading\" data-id=\"6fd3426\" data-element_type=\"widget\" data-e-type=\"widget\" data-widget_type=\"heading.default\">\n\t\t\t\t<div class=\"elementor-widget-container\">\n\t\t\t\t\t<h4 class=\"elementor-heading-title elementor-size-default\">Votre droit de retirer votre consentement<\/h4>\t\t\t\t<\/div>\n\t\t\t\t<\/div>\n\t\t\t\t<div class=\"elementor-element elementor-element-fc9c2ee elementor-widget elementor-widget-text-editor\" data-id=\"fc9c2ee\" data-element_type=\"widget\" data-e-type=\"widget\" data-widget_type=\"text-editor.default\">\n\t\t\t\t<div class=\"elementor-widget-container\">\n\t\t\t\t\t\t\t\t\t<p>Vous pouvez r\u00e9voquer \u00e0 tout moment, avec effet pour l&rsquo;avenir, les consentements que vous nous avez express\u00e9ment accord\u00e9s en mati\u00e8re de protection des donn\u00e9es. La l\u00e9galit\u00e9 du traitement effectu\u00e9 sur la base du consentement jusqu&rsquo;\u00e0 la r\u00e9vocation n&rsquo;est pas affect\u00e9e par la r\u00e9vocation. Veuillez nous envoyer votre demande par \u00e0 nos coordonn\u00e9es indiqu\u00e9es sous la rubrique \u00ab\u00a0Responsable\u00a0\u00bb.  <\/p>\t\t\t\t\t\t\t\t<\/div>\n\t\t\t\t<\/div>\n\t\t\t\t<div class=\"elementor-element elementor-element-0bfdfd6 elementor-widget elementor-widget-heading\" data-id=\"0bfdfd6\" data-element_type=\"widget\" data-e-type=\"widget\" data-widget_type=\"heading.default\">\n\t\t\t\t<div class=\"elementor-widget-container\">\n\t\t\t\t\t<h4 class=\"elementor-heading-title elementor-size-default\">Vos autres droits en tant que personne concern\u00e9e par le traitement des donn\u00e9es<\/h4>\t\t\t\t<\/div>\n\t\t\t\t<\/div>\n\t\t\t\t<div class=\"elementor-element elementor-element-d5854c6 elementor-widget elementor-widget-text-editor\" data-id=\"d5854c6\" data-element_type=\"widget\" data-e-type=\"widget\" data-widget_type=\"text-editor.default\">\n\t\t\t\t<div class=\"elementor-widget-container\">\n\t\t\t\t\t\t\t\t\t<p>Outre votre droit de vous opposer \u00e0 la publicit\u00e9 directe et de retirer votre consentement, vous disposez \u00e0 tout moment des droits mentionn\u00e9s ci-dessous :<\/p>\n<ul>\n<li>Droit d&rsquo;acc\u00e8s conform\u00e9ment \u00e0 l&rsquo;article 15 du RGPD<\/li>\n<li>Droit de rectification conform\u00e9ment \u00e0 l&rsquo;article 16 du RGPD<\/li>\n<li>Droit \u00e0 l&rsquo;effacement conform\u00e9ment \u00e0 l&rsquo;article 17 du RGPD<\/li>\n<li>Droit \u00e0 la limitation du traitement conform\u00e9ment \u00e0 l&rsquo;article 18 du RGPD<\/li>\n<li>Droit \u00e0 la portabilit\u00e9 des donn\u00e9es conform\u00e9ment \u00e0 l&rsquo;article 20 du RGPD<\/li>\n<\/ul>\n<p>Veuillez nous envoyer votre demande \u00e0 nos coordonn\u00e9es indiqu\u00e9es sous la rubrique \u00ab\u00a0Responsable\u00a0\u00bb.<\/p>\t\t\t\t\t\t\t\t<\/div>\n\t\t\t\t<\/div>\n\t\t\t\t<div class=\"elementor-element elementor-element-2b2d1c1 elementor-widget elementor-widget-heading\" data-id=\"2b2d1c1\" data-element_type=\"widget\" data-e-type=\"widget\" data-widget_type=\"heading.default\">\n\t\t\t\t<div class=\"elementor-widget-container\">\n\t\t\t\t\t<h4 class=\"elementor-heading-title elementor-size-default\">les dispositions l\u00e9gales ou contractuelles relatives \u00e0 la fourniture de vos donn\u00e9es \u00e0 caract\u00e8re personnel, ainsi que des informations sur la n\u00e9cessit\u00e9 de conclure un contrat, sur votre obligation de fournir les donn\u00e9es \u00e0 caract\u00e8re personnel et sur les cons\u00e9quences \u00e9ventuelles de leur non-fourniture :<\/h4>\t\t\t\t<\/div>\n\t\t\t\t<\/div>\n\t\t\t\t<div class=\"elementor-element elementor-element-5821a1e elementor-widget elementor-widget-text-editor\" data-id=\"5821a1e\" data-element_type=\"widget\" data-e-type=\"widget\" data-widget_type=\"text-editor.default\">\n\t\t\t\t<div class=\"elementor-widget-container\">\n\t\t\t\t\t\t\t\t\t<p>Comme d\u00e9crit pr\u00e9c\u00e9demment, nous collectons et traitons vos donn\u00e9es personnelles en particulier pour l&rsquo;ex\u00e9cution d&rsquo;un contrat avec vous ou pour l&rsquo;ex\u00e9cution de mesures pr\u00e9contractuelles prises \u00e0 votre demande. Dans certains cas, l&rsquo;indication de donn\u00e9es personnelles lors de la conclusion d&rsquo;un contrat (par exemple pour les factures) est prescrite par la loi en raison de dispositions fiscales et\/ou commerciales, sinon il s&rsquo;agit d&rsquo;une obligation contractuelle ou pr\u00e9contractuelle. Si vous ne nous communiquez pas vos donn\u00e9es personnelles, cela a pour cons\u00e9quence que nous ne pouvons pas conclure de contrat avec vous et\/ou r\u00e9pondre \u00e0 vos demandes.  <\/p>\n<p>Dans la mesure o\u00f9 nous traitons vos donn\u00e9es personnelles sur la base d&rsquo;un int\u00e9r\u00eat l\u00e9gitime conform\u00e9ment \u00e0 l&rsquo;article 6, paragraphe 1, point f), du RGPD pour le publipostage postal, la mise \u00e0 disposition de vos donn\u00e9es \u00e0 ces fins n&rsquo;est ni contractuellement ni l\u00e9galement obligatoire. Si vous ne nous fournissez pas de donn\u00e9es personnelles \u00e0 des fins de marketing direct postal ou si vous vous opposez au marketing direct postal, vous ne recevrez pas de publicit\u00e9 de notre part. <\/p>\t\t\t\t\t\t\t\t<\/div>\n\t\t\t\t<\/div>\n\t\t\t\t<div class=\"elementor-element elementor-element-1e310d3 elementor-widget elementor-widget-heading\" data-id=\"1e310d3\" data-element_type=\"widget\" data-e-type=\"widget\" data-widget_type=\"heading.default\">\n\t\t\t\t<div class=\"elementor-widget-container\">\n\t\t\t\t\t<h4 class=\"elementor-heading-title elementor-size-default\">Plainte pour violation de donn\u00e9es aupr\u00e8s des autorit\u00e9s de contr\u00f4le<\/h4>\t\t\t\t<\/div>\n\t\t\t\t<\/div>\n\t\t\t\t<div class=\"elementor-element elementor-element-5fe2285 elementor-widget elementor-widget-text-editor\" data-id=\"5fe2285\" data-element_type=\"widget\" data-e-type=\"widget\" data-widget_type=\"text-editor.default\">\n\t\t\t\t<div class=\"elementor-widget-container\">\n\t\t\t\t\t\t\t\t\t<p>Si vous estimez que vos droits en mati\u00e8re de protection des donn\u00e9es ont \u00e9t\u00e9 viol\u00e9s, vous pouvez vous adresser \u00e0 l&rsquo;autorit\u00e9 de surveillance de la protection des donn\u00e9es de votre Land. Si une plainte concerne une entreprise situ\u00e9e dans un autre Land, l&rsquo;autorit\u00e9 de contr\u00f4le transmettra la plainte \u00e0 l&rsquo;autorit\u00e9 de contr\u00f4le comp\u00e9tente dans ce Land, \u00e0 laquelle vous pouvez \u00e9galement vous adresser. Vous trouverez une liste des responsables de la protection des donn\u00e9es ainsi que leurs coordonn\u00e9es en cliquant <a href=\"https:\/\/www.bfdi.bund.de\/DE\/Infothek\/Anschriften_Links\/anschriften_links-node.html\">sur ce lien<\/a>.  <\/p>\t\t\t\t\t\t\t\t<\/div>\n\t\t\t\t<\/div>\n\t\t\t\t\t<\/div>\n\t\t\t\t<\/div>\n\t\t\t\t<\/div>\n\t\t","protected":false},"excerpt":{"rendered":"<p>D\u00e9claration de confidentialit\u00e9 Votre vie priv\u00e9e est importante pour nous Informations en vertu de l&rsquo;article 13 du r\u00e8glement g\u00e9n\u00e9ral de [&hellip;]<\/p>\n","protected":false},"author":1,"featured_media":0,"parent":0,"menu_order":0,"comment_status":"closed","ping_status":"open","template":"elementor_theme","meta":{"om_disable_all_campaigns":false,"_monsterinsights_skip_tracking":false,"_monsterinsights_sitenote_active":false,"_monsterinsights_sitenote_note":"","_monsterinsights_sitenote_category":0,"_uf_show_specific_survey":0,"_uf_disable_surveys":false,"site-sidebar-layout":"default","site-content-layout":"","ast-site-content-layout":"default","site-content-style":"default","site-sidebar-style":"default","ast-global-header-display":"","ast-banner-title-visibility":"","ast-main-header-display":"","ast-hfb-above-header-display":"","ast-hfb-below-header-display":"","ast-hfb-mobile-header-display":"","site-post-title":"","ast-breadcrumbs-content":"","ast-featured-img":"","footer-sml-layout":"","ast-disable-related-posts":"","theme-transparent-header-meta":"","adv-header-id-meta":"","stick-header-meta":"","header-above-stick-meta":"","header-main-stick-meta":"","header-below-stick-meta":"","astra-migrate-meta-layouts":"default","ast-page-background-enabled":"default","ast-page-background-meta":{"desktop":{"background-color":"","background-image":"","background-repeat":"repeat","background-position":"center center","background-size":"auto","background-attachment":"scroll","background-type":"","background-media":"","overlay-type":"","overlay-color":"","overlay-opacity":"","overlay-gradient":""},"tablet":{"background-color":"","background-image":"","background-repeat":"repeat","background-position":"center center","background-size":"auto","background-attachment":"scroll","background-type":"","background-media":"","overlay-type":"","overlay-color":"","overlay-opacity":"","overlay-gradient":""},"mobile":{"background-color":"","background-image":"","background-repeat":"repeat","background-position":"center center","background-size":"auto","background-attachment":"scroll","background-type":"","background-media":"","overlay-type":"","overlay-color":"","overlay-opacity":"","overlay-gradient":""}},"ast-content-background-meta":{"desktop":{"background-color":"var(--ast-global-color-5)","background-image":"","background-repeat":"repeat","background-position":"center center","background-size":"auto","background-attachment":"scroll","background-type":"","background-media":"","overlay-type":"","overlay-color":"","overlay-opacity":"","overlay-gradient":""},"tablet":{"background-color":"var(--ast-global-color-5)","background-image":"","background-repeat":"repeat","background-position":"center center","background-size":"auto","background-attachment":"scroll","background-type":"","background-media":"","overlay-type":"","overlay-color":"","overlay-opacity":"","overlay-gradient":""},"mobile":{"background-color":"var(--ast-global-color-5)","background-image":"","background-repeat":"repeat","background-position":"center center","background-size":"auto","background-attachment":"scroll","background-type":"","background-media":"","overlay-type":"","overlay-color":"","overlay-opacity":"","overlay-gradient":""}},"footnotes":""},"class_list":["post-1321","page","type-page","status-publish","hentry"],"aioseo_notices":[],"_links":{"self":[{"href":"https:\/\/validool.org\/fr\/wp-json\/wp\/v2\/pages\/1321","targetHints":{"allow":["GET"]}}],"collection":[{"href":"https:\/\/validool.org\/fr\/wp-json\/wp\/v2\/pages"}],"about":[{"href":"https:\/\/validool.org\/fr\/wp-json\/wp\/v2\/types\/page"}],"author":[{"embeddable":true,"href":"https:\/\/validool.org\/fr\/wp-json\/wp\/v2\/users\/1"}],"replies":[{"embeddable":true,"href":"https:\/\/validool.org\/fr\/wp-json\/wp\/v2\/comments?post=1321"}],"version-history":[{"count":7,"href":"https:\/\/validool.org\/fr\/wp-json\/wp\/v2\/pages\/1321\/revisions"}],"predecessor-version":[{"id":1897,"href":"https:\/\/validool.org\/fr\/wp-json\/wp\/v2\/pages\/1321\/revisions\/1897"}],"wp:attachment":[{"href":"https:\/\/validool.org\/fr\/wp-json\/wp\/v2\/media?parent=1321"}],"curies":[{"name":"wp","href":"https:\/\/api.w.org\/{rel}","templated":true}]}}